{"id":851,"date":"2020-07-05T15:38:01","date_gmt":"2020-07-05T13:38:01","guid":{"rendered":"http:\/\/ibarsadvocats.cat\/?page_id=851"},"modified":"2023-06-05T17:07:56","modified_gmt":"2023-06-05T15:07:56","slug":"pagina-personalizada","status":"publish","type":"page","link":"https:\/\/ibarsadvocats.cat\/ca\/","title":{"rendered":"Empresa"},"content":{"rendered":"<p><a href=\"http:\/\/ibarsadvocats.cat\/ca\/presentacio\/\">IBARS ADVOCATS<\/p>\n<p>Benvingut al despatx d&#8217;advocats penalistes, on ens dediquem a oferir representaci\u00f3 legal experta en casos penals. El nostre equip d&#8217;advocats est\u00e0 format per professionals altament capacitats i amb \u00e0mplia experi\u00e8ncia a totes les \u00e0rees del dret penal.<\/p>\n<p>Presentaci\u00f3<\/a>\t\t\t\t<\/p>\n<h1>Serveis<\/h1>\n<p>\t\t\t\t\t<a href=\"http:\/\/ibarsadvocats.cat\/ca\/servei\/\"><\/p>\n<h3>Assessorament legal<\/h3>\n<p>\t\t\t\t\t\tm\u00e9s informaci\u00f3<br \/>\n\t\t\t\t\t\t<\/a><br \/>\n\t\t\t\t\t<a href=\"http:\/\/ibarsadvocats.cat\/ca\/servei\/\"><\/p>\n<h3>Defensa en judicis penals<\/h3>\n<p>\t\t\t\t\t\tm\u00e9s informaci\u00f3<br \/>\n\t\t\t\t\t\t<\/a><br \/>\n\t\t\t\t\t\t\t\t\t\t<a href=\"http:\/\/ibarsadvocats.cat\/ca\/servei\/\">Servicio<\/a><br \/>\n\t\t\t\t\t\t\t\t\t\t\t\t\t\tPrevious slide<br \/>\n\t\t\t\t\t\t\t\t\t\t\t\t\t\tNext slide<\/p>\n<h2>Ens enorgulleix brindar als nostres clients un enfocament personalitzat i dedicat als seus casos<\/h2>\n<p>Treballant incansablement per aconseguir els millors resultats possibles. Entenem que els casos penals poden ser extremadament estressants i emocionals, i ens assegurem d&#8217;estar al seu costat a cada pas del proc\u00e9s.<\/p>\n<p>\t\t\t<a href=\"http:\/\/ibarsadvocats.cat\/ca\/contactanos\/\" role=\"button\"><br \/>\n\t\t\t\t\t\tContacte<br \/>\n\t\t\t\t\t<\/a><\/p>\n<h1>Sobre<br \/>\nDani Ibars<\/h1>\n<p>\t\t\t<iframe loading=\"lazy\"\n\t\t\t\t\tsrc=\"https:\/\/maps.google.com\/maps?q=C%2F%20Pallars%2C%206%2C%201er%20B%2025004%20LLEIDA%20%28Lleida%29&#038;t=m&#038;z=12&#038;output=embed&#038;iwloc=near\"\n\t\t\t\t\ttitle=\"C\/ Pallars, 6, 1er B 25004 LLEIDA (Lleida)\"\n\t\t\t\t\taria-label=\"C\/ Pallars, 6, 1er B 25004 LLEIDA (Lleida)\"\n\t\t\t><\/iframe><br \/>\n\t\t\t\t<a href=\"https:\/\/www.linkedin.com\/in\/daniel-ibars-velasco-18100ab9\/\"><br \/>\n\t\t\t\t\t\t\t\t<\/a><\/p>\n<h3>\n\t\t\t\t\t<a href=\"https:\/\/www.linkedin.com\/in\/daniel-ibars-velasco-18100ab9\/\" ><br \/>\n\t\t\t\t\t\tLinkedin\t\t\t\t\t<\/a><br \/>\n\t\t\t\t<\/h3>\n<p>\n\t\t\t\t\t\t01\n\t\t\t\t<\/p>\n<p>\n\t\t\t\t\t\t01\n\t\t\t\t<\/p>\n<p>\n\t\t\t\t\t\t01\n\t\t\t\t<\/p>\n<p>\n\t\t\t\t\t\t01\n\t\t\t\t<\/p>\n<p>\n\t\t\t\t\t\t01\n\t\t\t\t<\/p>\n<p>\n\t\t\t\t\t\t01\n\t\t\t\t<\/p>\n<h3>\n\t\t\t\t\t\tDominio personalizado<br \/>\n\t\t\t\t<\/h3>\n<p>\n\t\t\t\t\t\tTendr\u00e1s un dominio personalizado y con certificado de seguridad digital SSL\t\t\t\t\t<\/p>\n<h3>\n\t\t\t\t\t\tHosting<br \/>\n\t\t\t\t<\/h3>\n<p>\n\t\t\t\t\t\tEl web tambi\u00e9n incluye alojamiento a tu sitio web durante 12 meses\t\t\t\t\t<\/p>\n<h3>\n\t\t\t\t\t\tWeb responsive<br \/>\n\t\t\t\t<\/h3>\n<p>\n\t\t\t\t\t\tTotalmente optimizada para ser visualizada desde ordenadores, tablets y m\u00f3viles\t\t\t\t\t<\/p>\n<h3>\n\t\t\t\t\t\tAutogestionable<br \/>\n\t\t\t\t<\/h3>\n<p>\n\t\t\t\t\t\tProporciona un CMS que permite modificar los contenidos del web\t\t\t\t\t<\/p>\n<h3>\n\t\t\t\t\t\tTu correo electr\u00f3nico<br \/>\n\t\t\t\t<\/h3>\n<p>\n\t\t\t\t\t\tDispondr\u00e1s de email profesionales, personalizados con tu dominio\t\t\t\t\t<\/p>\n<h3>\n\t\t\t\t\t\tTu presencia online<br \/>\n\t\t\t\t<\/h3>\n<p>\n\t\t\t\t\t\tUn sitio web profesional con el que ganar visibilidad en Internet\t\t\t\t\t<\/p>\n","protected":false},"excerpt":{"rendered":"<p>IBARS ADVOCATS Benvingut al despatx d&#8217;advocats penalistes, on ens dediquem a oferir representaci\u00f3 legal experta en casos penals. El nostre equip d&#8217;advocats est\u00e0 format per professionals altament capacitats i amb \u00e0mplia experi\u00e8ncia a totes les \u00e0rees del dret penal. Presentaci\u00f3 Serveis Assessorament legal m\u00e9s informaci\u00f3 Defensa en judicis penals m\u00e9s informaci\u00f3 Servicio Previous slide Next [&hellip;]<\/p>\n","protected":false},"author":3,"featured_media":0,"parent":0,"menu_order":0,"comment_status":"closed","ping_status":"closed","template":"","meta":{"footnotes":""},"class_list":["post-851","page","type-page","status-publish","hentry"],"yoast_head":"<!-- This site is optimized with the Yoast SEO plugin v27.0 - https:\/\/yoast.com\/product\/yoast-seo-wordpress\/ -->\n<title>Empresa - Daniel Ibars<\/title>\n<meta name=\"description\" content=\"IBARS ADVOCATSBenvingut al despatx d&#039;advocats penalistes, on ens dediquem a oferir representaci\u00f3 legal experta en casos penals. El nostre equip d&#039;advocats\" \/>\n<meta name=\"robots\" content=\"index, follow, max-snippet:-1, max-image-preview:large, max-video-preview:-1\" \/>\n<link rel=\"canonical\" href=\"https:\/\/ibarsadvocats.cat\/ca\/\" \/>\n<meta property=\"og:locale\" content=\"ca_ES\" \/>\n<meta property=\"og:type\" content=\"article\" \/>\n<meta property=\"og:title\" content=\"Empresa - Daniel Ibars\" \/>\n<meta property=\"og:description\" content=\"IBARS ADVOCATSBenvingut al despatx d&#039;advocats penalistes, on ens dediquem a oferir representaci\u00f3 legal experta en casos penals. El nostre equip d&#039;advocats\" \/>\n<meta property=\"og:url\" content=\"https:\/\/ibarsadvocats.cat\/ca\/\" \/>\n<meta property=\"og:site_name\" content=\"Daniel Ibars\" \/>\n<meta property=\"article:modified_time\" content=\"2023-06-05T15:07:56+00:00\" \/>\n<meta name=\"twitter:card\" content=\"summary_large_image\" \/>\n<meta name=\"twitter:label1\" content=\"Temps estimat de lectura\" \/>\n\t<meta name=\"twitter:data1\" content=\"2 minuts\" \/>\n<script type=\"application\/ld+json\" class=\"yoast-schema-graph\">{\"@context\":\"https:\/\/schema.org\",\"@graph\":[{\"@type\":\"WebPage\",\"@id\":\"https:\/\/ibarsadvocats.cat\/ca\/\",\"url\":\"https:\/\/ibarsadvocats.cat\/ca\/\",\"name\":\"Empresa - Daniel Ibars\",\"isPartOf\":{\"@id\":\"https:\/\/ibarsadvocats.cat\/ca\/#website\"},\"datePublished\":\"2020-07-05T13:38:01+00:00\",\"dateModified\":\"2023-06-05T15:07:56+00:00\",\"description\":\"IBARS ADVOCATSBenvingut al despatx d'advocats penalistes, on ens dediquem a oferir representaci\u00f3 legal experta en casos penals. El nostre equip d'advocats\",\"inLanguage\":\"ca\",\"potentialAction\":[{\"@type\":\"ReadAction\",\"target\":[\"https:\/\/ibarsadvocats.cat\/ca\/\"]}]},{\"@type\":\"WebSite\",\"@id\":\"https:\/\/ibarsadvocats.cat\/ca\/#website\",\"url\":\"https:\/\/ibarsadvocats.cat\/ca\/\",\"name\":\"Daniel Ibars\",\"description\":\"Daniel Ibars\",\"publisher\":{\"@id\":\"https:\/\/ibarsadvocats.cat\/ca\/#organization\"},\"potentialAction\":[{\"@type\":\"SearchAction\",\"target\":{\"@type\":\"EntryPoint\",\"urlTemplate\":\"https:\/\/ibarsadvocats.cat\/ca\/?s={search_term_string}\"},\"query-input\":{\"@type\":\"PropertyValueSpecification\",\"valueRequired\":true,\"valueName\":\"search_term_string\"}}],\"inLanguage\":\"ca\"},{\"@type\":\"Organization\",\"@id\":\"https:\/\/ibarsadvocats.cat\/ca\/#organization\",\"name\":\"Daniel Ibars\",\"url\":\"https:\/\/ibarsadvocats.cat\/ca\/\",\"logo\":{\"@type\":\"ImageObject\",\"inLanguage\":\"ca\",\"@id\":\"https:\/\/ibarsadvocats.cat\/ca\/#\/schema\/logo\/image\/\",\"url\":\"https:\/\/ibarsadvocats.cat\/wp-content\/uploads\/IMG_01653-scaled.jpg\",\"contentUrl\":\"https:\/\/ibarsadvocats.cat\/wp-content\/uploads\/IMG_01653-scaled.jpg\",\"width\":2560,\"height\":1920,\"caption\":\"Daniel Ibars\"},\"image\":{\"@id\":\"https:\/\/ibarsadvocats.cat\/ca\/#\/schema\/logo\/image\/\"}}]}<\/script>\n<!-- \/ Yoast SEO plugin. -->","yoast_head_json":{"title":"Empresa - Daniel Ibars","description":"IBARS ADVOCATSBenvingut al despatx d'advocats penalistes, on ens dediquem a oferir representaci\u00f3 legal experta en casos penals. El nostre equip d'advocats","robots":{"index":"index","follow":"follow","max-snippet":"max-snippet:-1","max-image-preview":"max-image-preview:large","max-video-preview":"max-video-preview:-1"},"canonical":"https:\/\/ibarsadvocats.cat\/ca\/","og_locale":"ca_ES","og_type":"article","og_title":"Empresa - Daniel Ibars","og_description":"IBARS ADVOCATSBenvingut al despatx d'advocats penalistes, on ens dediquem a oferir representaci\u00f3 legal experta en casos penals. El nostre equip d'advocats","og_url":"https:\/\/ibarsadvocats.cat\/ca\/","og_site_name":"Daniel Ibars","article_modified_time":"2023-06-05T15:07:56+00:00","twitter_card":"summary_large_image","twitter_misc":{"Temps estimat de lectura":"2 minuts"},"schema":{"@context":"https:\/\/schema.org","@graph":[{"@type":"WebPage","@id":"https:\/\/ibarsadvocats.cat\/ca\/","url":"https:\/\/ibarsadvocats.cat\/ca\/","name":"Empresa - Daniel Ibars","isPartOf":{"@id":"https:\/\/ibarsadvocats.cat\/ca\/#website"},"datePublished":"2020-07-05T13:38:01+00:00","dateModified":"2023-06-05T15:07:56+00:00","description":"IBARS ADVOCATSBenvingut al despatx d'advocats penalistes, on ens dediquem a oferir representaci\u00f3 legal experta en casos penals. El nostre equip d'advocats","inLanguage":"ca","potentialAction":[{"@type":"ReadAction","target":["https:\/\/ibarsadvocats.cat\/ca\/"]}]},{"@type":"WebSite","@id":"https:\/\/ibarsadvocats.cat\/ca\/#website","url":"https:\/\/ibarsadvocats.cat\/ca\/","name":"Daniel Ibars","description":"Daniel Ibars","publisher":{"@id":"https:\/\/ibarsadvocats.cat\/ca\/#organization"},"potentialAction":[{"@type":"SearchAction","target":{"@type":"EntryPoint","urlTemplate":"https:\/\/ibarsadvocats.cat\/ca\/?s={search_term_string}"},"query-input":{"@type":"PropertyValueSpecification","valueRequired":true,"valueName":"search_term_string"}}],"inLanguage":"ca"},{"@type":"Organization","@id":"https:\/\/ibarsadvocats.cat\/ca\/#organization","name":"Daniel Ibars","url":"https:\/\/ibarsadvocats.cat\/ca\/","logo":{"@type":"ImageObject","inLanguage":"ca","@id":"https:\/\/ibarsadvocats.cat\/ca\/#\/schema\/logo\/image\/","url":"https:\/\/ibarsadvocats.cat\/wp-content\/uploads\/IMG_01653-scaled.jpg","contentUrl":"https:\/\/ibarsadvocats.cat\/wp-content\/uploads\/IMG_01653-scaled.jpg","width":2560,"height":1920,"caption":"Daniel Ibars"},"image":{"@id":"https:\/\/ibarsadvocats.cat\/ca\/#\/schema\/logo\/image\/"}}]}},"_links":{"self":[{"href":"https:\/\/ibarsadvocats.cat\/ca\/wp-json\/wp\/v2\/pages\/851","targetHints":{"allow":["GET"]}}],"collection":[{"href":"https:\/\/ibarsadvocats.cat\/ca\/wp-json\/wp\/v2\/pages"}],"about":[{"href":"https:\/\/ibarsadvocats.cat\/ca\/wp-json\/wp\/v2\/types\/page"}],"author":[{"embeddable":true,"href":"https:\/\/ibarsadvocats.cat\/ca\/wp-json\/wp\/v2\/users\/3"}],"replies":[{"embeddable":true,"href":"https:\/\/ibarsadvocats.cat\/ca\/wp-json\/wp\/v2\/comments?post=851"}],"version-history":[{"count":741,"href":"https:\/\/ibarsadvocats.cat\/ca\/wp-json\/wp\/v2\/pages\/851\/revisions"}],"predecessor-version":[{"id":4798,"href":"https:\/\/ibarsadvocats.cat\/ca\/wp-json\/wp\/v2\/pages\/851\/revisions\/4798"}],"wp:attachment":[{"href":"https:\/\/ibarsadvocats.cat\/ca\/wp-json\/wp\/v2\/media?parent=851"}],"curies":[{"name":"wp","href":"https:\/\/api.w.org\/{rel}","templated":true}]}}