{"id":4694,"date":"2023-04-19T10:04:18","date_gmt":"2023-04-19T08:04:18","guid":{"rendered":"http:\/\/ibarsadvocats.cat\/presentacio\/"},"modified":"2023-04-19T10:04:18","modified_gmt":"2023-04-19T08:04:18","slug":"presentacio","status":"publish","type":"page","link":"https:\/\/ibarsadvocats.cat\/ca\/presentacio\/","title":{"rendered":"Presentaci\u00f3"},"content":{"rendered":"\t\t<div data-elementor-type=\"wp-page\" data-elementor-id=\"4694\" class=\"elementor elementor-4694 elementor-4320\" data-elementor-post-type=\"page\">\n\t\t\t\t\t\t<section class=\"elementor-section elementor-top-section elementor-element elementor-element-5f30a1c elementor-section-height-full elementor-section-full_width elementor-section-items-top elementor-section-height-default\" data-id=\"5f30a1c\" data-element_type=\"section\" data-e-type=\"section\" data-settings=\"{&quot;background_background&quot;:&quot;classic&quot;}\">\n\t\t\t\t\t\t\t<div class=\"elementor-background-overlay\"><\/div>\n\t\t\t\t\t\t\t<div class=\"elementor-container elementor-column-gap-default\">\n\t\t\t\t\t<div class=\"elementor-column elementor-col-100 elementor-top-column elementor-element elementor-element-3e49992\" data-id=\"3e49992\" data-element_type=\"column\" data-e-type=\"column\" data-settings=\"{&quot;background_background&quot;:&quot;classic&quot;}\">\n\t\t\t<div class=\"elementor-widget-wrap elementor-element-populated\">\n\t\t\t\t\t<div class=\"elementor-background-overlay\"><\/div>\n\t\t\t\t\t\t<div class=\"elementor-element elementor-element-756af54 elementor-widget elementor-widget-text-editor\" data-id=\"756af54\" data-element_type=\"widget\" data-e-type=\"widget\" data-widget_type=\"text-editor.default\">\n\t\t\t\t<div class=\"elementor-widget-container\">\n\t\t\t\t\t\t\t\t\t<h1 class=\"elementor-heading-title elementor-size-default elementor-inline-editing pen\" style=\"font-family: Roboto, sans-serif; text-align: center;\" spellcheck=\"false\" data-elementor-setting-key=\"title\" data-pen-placeholder=\"Teclea aqu\u00ed...\" data-lt-tmp-id=\"lt-681015\" data-gramm=\"false\"><span style=\"color: #ffffff;\">Presentaci\u00f3<\/span><\/h1>\n<\/p>\n<p>Benvingut al despatx d&#8217;advocats penalistes, on ens dediquem a oferir representaci\u00f3 legal experta en casos penals. El nostre equip d&#8217;advocats est\u00e0 format per professionals altament capacitats i amb \u00e0mplia experi\u00e8ncia a totes les \u00e0rees del dret penal.<\/p>\n<p>Ens enorgulleix brindar als nostres clients un enfocament personalitzat i dedicat als seus casos, treballant incansablement per assolir els millors resultats possibles. Entenem que els casos penals poden ser extremadament estressants i emocionals, i ens assegurem d&#8217;estar al seu costat a cada pas del proc\u00e9s.<\/p>\n<p>Ja sigui que estigui enfrontant c\u00e0rrecs criminals per primera vegada o que sigui un client repetit, ens prenem cada cas de deb\u00f2 i el fem servir amb el mateix nivell d&#8217;atenci\u00f3 i comprom\u00eds. El nostre objectiu \u00e9s sempre protegir els vostres drets i llibertats, i assegurar-nos que rebeu la millor representaci\u00f3 possible.<\/p>\n<p>Si necessiteu assist\u00e8ncia legal en un cas penal, no dubteu a posar-vos en contacte amb nosaltres. Som aqu\u00ed per ajudar-lo a navegar pels desafiaments legals i treballar incansablement per aconseguir els millors resultats per a vost\u00e8.<\/p>\n\t\t\t\t\t\t\t\t<\/div>\n\t\t\t\t<\/div>\n\t\t\t\t\t<\/div>\n\t\t<\/div>\n\t\t\t\t\t<\/div>\n\t\t<\/section>\n\t\t\t\t<section class=\"elementor-section elementor-top-section elementor-element elementor-element-9579a3f elementor-section-boxed elementor-section-height-default elementor-section-height-default\" data-id=\"9579a3f\" data-element_type=\"section\" data-e-type=\"section\">\n\t\t\t\t\t\t<div class=\"elementor-container elementor-column-gap-default\">\n\t\t\t\t\t<div class=\"elementor-column elementor-col-100 elementor-top-column elementor-element elementor-element-482bf7b\" data-id=\"482bf7b\" data-element_type=\"column\" data-e-type=\"column\">\n\t\t\t<div class=\"elementor-widget-wrap elementor-element-populated\">\n\t\t\t\t\t\t<div class=\"elementor-element elementor-element-36512ae elementor-widget elementor-widget-google_maps\" data-id=\"36512ae\" data-element_type=\"widget\" data-e-type=\"widget\" data-widget_type=\"google_maps.default\">\n\t\t\t\t<div class=\"elementor-widget-container\">\n\t\t\t\t\t\t\t<div class=\"elementor-custom-embed\">\n\t\t\t<iframe loading=\"lazy\"\n\t\t\t\t\tsrc=\"https:\/\/maps.google.com\/maps?q=C%2F%20Pallars%2C%206%2C%201er%20B%2025004%20LLEIDA%20%28Lleida%29&#038;t=m&#038;z=10&#038;output=embed&#038;iwloc=near\"\n\t\t\t\t\ttitle=\"C\/ Pallars, 6, 1er B 25004 LLEIDA (Lleida)\"\n\t\t\t\t\taria-label=\"C\/ Pallars, 6, 1er B 25004 LLEIDA (Lleida)\"\n\t\t\t><\/iframe>\n\t\t<\/div>\n\t\t\t\t\t\t<\/div>\n\t\t\t\t<\/div>\n\t\t\t\t<div class=\"elementor-element elementor-element-6a581d7 elementor-align-justify elementor-widget elementor-widget-button\" data-id=\"6a581d7\" data-element_type=\"widget\" data-e-type=\"widget\" data-widget_type=\"button.default\">\n\t\t\t\t<div class=\"elementor-widget-container\">\n\t\t\t\t\t\t\t\t\t<div class=\"elementor-button-wrapper\">\n\t\t\t\t\t<a class=\"elementor-button elementor-button-link elementor-size-sm\" href=\"http:\/\/ibarsadvocats.cat\/ca\/contactanos\/\">\n\t\t\t\t\t\t<span class=\"elementor-button-content-wrapper\">\n\t\t\t\t\t\t\t\t\t<span class=\"elementor-button-text\">Contacta'ns<\/span>\n\t\t\t\t\t<\/span>\n\t\t\t\t\t<\/a>\n\t\t\t\t<\/div>\n\t\t\t\t\t\t\t\t<\/div>\n\t\t\t\t<\/div>\n\t\t\t\t\t<\/div>\n\t\t<\/div>\n\t\t\t\t\t<\/div>\n\t\t<\/section>\n\t\t\t\t<\/div>\n\t\t","protected":false},"excerpt":{"rendered":"<p>Presentaci\u00f3 Benvingut al despatx d&#8217;advocats penalistes, on ens dediquem a oferir representaci\u00f3 legal experta en casos penals. El nostre equip d&#8217;advocats est\u00e0 format per professionals altament capacitats i amb \u00e0mplia experi\u00e8ncia a totes les \u00e0rees del dret penal. Ens enorgulleix brindar als nostres clients un enfocament personalitzat i dedicat als seus casos, treballant incansablement per [&hellip;]<\/p>\n","protected":false},"author":3,"featured_media":0,"parent":0,"menu_order":0,"comment_status":"closed","ping_status":"closed","template":"","meta":{"footnotes":""},"class_list":["post-4694","page","type-page","status-publish","hentry"],"yoast_head":"<!-- This site is optimized with the Yoast SEO plugin v27.0 - https:\/\/yoast.com\/product\/yoast-seo-wordpress\/ -->\n<title>Presentaci\u00f3 - Daniel Ibars<\/title>\n<meta name=\"description\" content=\"Presentaci\u00f3 Benvingut al despatx d&#039;advocats penalistes, on ens dediquem a oferir representaci\u00f3 legal experta en casos penals. El nostre equip d&#039;advocats\" \/>\n<meta name=\"robots\" content=\"index, follow, max-snippet:-1, max-image-preview:large, max-video-preview:-1\" \/>\n<link rel=\"canonical\" href=\"https:\/\/ibarsadvocats.cat\/ca\/presentacio\/\" \/>\n<meta property=\"og:locale\" content=\"ca_ES\" \/>\n<meta property=\"og:type\" content=\"article\" \/>\n<meta property=\"og:title\" content=\"Presentaci\u00f3 - Daniel Ibars\" \/>\n<meta property=\"og:description\" content=\"Presentaci\u00f3 Benvingut al despatx d&#039;advocats penalistes, on ens dediquem a oferir representaci\u00f3 legal experta en casos penals. El nostre equip d&#039;advocats\" \/>\n<meta property=\"og:url\" content=\"https:\/\/ibarsadvocats.cat\/ca\/presentacio\/\" \/>\n<meta property=\"og:site_name\" content=\"Daniel Ibars\" \/>\n<meta name=\"twitter:card\" content=\"summary_large_image\" \/>\n<meta name=\"twitter:label1\" content=\"Temps estimat de lectura\" \/>\n\t<meta name=\"twitter:data1\" content=\"1 minut\" \/>\n<script type=\"application\/ld+json\" class=\"yoast-schema-graph\">{\"@context\":\"https:\/\/schema.org\",\"@graph\":[{\"@type\":\"WebPage\",\"@id\":\"https:\/\/ibarsadvocats.cat\/ca\/presentacio\/\",\"url\":\"https:\/\/ibarsadvocats.cat\/ca\/presentacio\/\",\"name\":\"Presentaci\u00f3 - Daniel Ibars\",\"isPartOf\":{\"@id\":\"https:\/\/ibarsadvocats.cat\/ca\/#website\"},\"datePublished\":\"2023-04-19T08:04:18+00:00\",\"description\":\"Presentaci\u00f3 Benvingut al despatx d'advocats penalistes, on ens dediquem a oferir representaci\u00f3 legal experta en casos penals. El nostre equip d'advocats\",\"inLanguage\":\"ca\",\"potentialAction\":[{\"@type\":\"ReadAction\",\"target\":[\"https:\/\/ibarsadvocats.cat\/ca\/presentacio\/\"]}]},{\"@type\":\"WebSite\",\"@id\":\"https:\/\/ibarsadvocats.cat\/ca\/#website\",\"url\":\"https:\/\/ibarsadvocats.cat\/ca\/\",\"name\":\"Daniel Ibars\",\"description\":\"Daniel Ibars\",\"publisher\":{\"@id\":\"https:\/\/ibarsadvocats.cat\/ca\/#organization\"},\"potentialAction\":[{\"@type\":\"SearchAction\",\"target\":{\"@type\":\"EntryPoint\",\"urlTemplate\":\"https:\/\/ibarsadvocats.cat\/ca\/?s={search_term_string}\"},\"query-input\":{\"@type\":\"PropertyValueSpecification\",\"valueRequired\":true,\"valueName\":\"search_term_string\"}}],\"inLanguage\":\"ca\"},{\"@type\":\"Organization\",\"@id\":\"https:\/\/ibarsadvocats.cat\/ca\/#organization\",\"name\":\"Daniel Ibars\",\"url\":\"https:\/\/ibarsadvocats.cat\/ca\/\",\"logo\":{\"@type\":\"ImageObject\",\"inLanguage\":\"ca\",\"@id\":\"https:\/\/ibarsadvocats.cat\/ca\/#\/schema\/logo\/image\/\",\"url\":\"https:\/\/ibarsadvocats.cat\/wp-content\/uploads\/IMG_01653-scaled.jpg\",\"contentUrl\":\"https:\/\/ibarsadvocats.cat\/wp-content\/uploads\/IMG_01653-scaled.jpg\",\"width\":2560,\"height\":1920,\"caption\":\"Daniel Ibars\"},\"image\":{\"@id\":\"https:\/\/ibarsadvocats.cat\/ca\/#\/schema\/logo\/image\/\"}}]}<\/script>\n<!-- \/ Yoast SEO plugin. -->","yoast_head_json":{"title":"Presentaci\u00f3 - Daniel Ibars","description":"Presentaci\u00f3 Benvingut al despatx d'advocats penalistes, on ens dediquem a oferir representaci\u00f3 legal experta en casos penals. El nostre equip d'advocats","robots":{"index":"index","follow":"follow","max-snippet":"max-snippet:-1","max-image-preview":"max-image-preview:large","max-video-preview":"max-video-preview:-1"},"canonical":"https:\/\/ibarsadvocats.cat\/ca\/presentacio\/","og_locale":"ca_ES","og_type":"article","og_title":"Presentaci\u00f3 - Daniel Ibars","og_description":"Presentaci\u00f3 Benvingut al despatx d'advocats penalistes, on ens dediquem a oferir representaci\u00f3 legal experta en casos penals. El nostre equip d'advocats","og_url":"https:\/\/ibarsadvocats.cat\/ca\/presentacio\/","og_site_name":"Daniel Ibars","twitter_card":"summary_large_image","twitter_misc":{"Temps estimat de lectura":"1 minut"},"schema":{"@context":"https:\/\/schema.org","@graph":[{"@type":"WebPage","@id":"https:\/\/ibarsadvocats.cat\/ca\/presentacio\/","url":"https:\/\/ibarsadvocats.cat\/ca\/presentacio\/","name":"Presentaci\u00f3 - Daniel Ibars","isPartOf":{"@id":"https:\/\/ibarsadvocats.cat\/ca\/#website"},"datePublished":"2023-04-19T08:04:18+00:00","description":"Presentaci\u00f3 Benvingut al despatx d'advocats penalistes, on ens dediquem a oferir representaci\u00f3 legal experta en casos penals. El nostre equip d'advocats","inLanguage":"ca","potentialAction":[{"@type":"ReadAction","target":["https:\/\/ibarsadvocats.cat\/ca\/presentacio\/"]}]},{"@type":"WebSite","@id":"https:\/\/ibarsadvocats.cat\/ca\/#website","url":"https:\/\/ibarsadvocats.cat\/ca\/","name":"Daniel Ibars","description":"Daniel Ibars","publisher":{"@id":"https:\/\/ibarsadvocats.cat\/ca\/#organization"},"potentialAction":[{"@type":"SearchAction","target":{"@type":"EntryPoint","urlTemplate":"https:\/\/ibarsadvocats.cat\/ca\/?s={search_term_string}"},"query-input":{"@type":"PropertyValueSpecification","valueRequired":true,"valueName":"search_term_string"}}],"inLanguage":"ca"},{"@type":"Organization","@id":"https:\/\/ibarsadvocats.cat\/ca\/#organization","name":"Daniel Ibars","url":"https:\/\/ibarsadvocats.cat\/ca\/","logo":{"@type":"ImageObject","inLanguage":"ca","@id":"https:\/\/ibarsadvocats.cat\/ca\/#\/schema\/logo\/image\/","url":"https:\/\/ibarsadvocats.cat\/wp-content\/uploads\/IMG_01653-scaled.jpg","contentUrl":"https:\/\/ibarsadvocats.cat\/wp-content\/uploads\/IMG_01653-scaled.jpg","width":2560,"height":1920,"caption":"Daniel Ibars"},"image":{"@id":"https:\/\/ibarsadvocats.cat\/ca\/#\/schema\/logo\/image\/"}}]}},"_links":{"self":[{"href":"https:\/\/ibarsadvocats.cat\/ca\/wp-json\/wp\/v2\/pages\/4694","targetHints":{"allow":["GET"]}}],"collection":[{"href":"https:\/\/ibarsadvocats.cat\/ca\/wp-json\/wp\/v2\/pages"}],"about":[{"href":"https:\/\/ibarsadvocats.cat\/ca\/wp-json\/wp\/v2\/types\/page"}],"author":[{"embeddable":true,"href":"https:\/\/ibarsadvocats.cat\/ca\/wp-json\/wp\/v2\/users\/3"}],"replies":[{"embeddable":true,"href":"https:\/\/ibarsadvocats.cat\/ca\/wp-json\/wp\/v2\/comments?post=4694"}],"version-history":[{"count":1,"href":"https:\/\/ibarsadvocats.cat\/ca\/wp-json\/wp\/v2\/pages\/4694\/revisions"}],"predecessor-version":[{"id":4695,"href":"https:\/\/ibarsadvocats.cat\/ca\/wp-json\/wp\/v2\/pages\/4694\/revisions\/4695"}],"wp:attachment":[{"href":"https:\/\/ibarsadvocats.cat\/ca\/wp-json\/wp\/v2\/media?parent=4694"}],"curies":[{"name":"wp","href":"https:\/\/api.w.org\/{rel}","templated":true}]}}