{"id":4688,"date":"2023-04-19T10:00:21","date_gmt":"2023-04-19T08:00:21","guid":{"rendered":"http:\/\/ibarsadvocats.cat\/sobre-mi\/"},"modified":"2023-06-05T17:02:27","modified_gmt":"2023-06-05T15:02:27","slug":"sobre-mi","status":"publish","type":"page","link":"https:\/\/ibarsadvocats.cat\/ca\/sobre-mi\/","title":{"rendered":"Sobre mi"},"content":{"rendered":"\t\t<div data-elementor-type=\"wp-page\" data-elementor-id=\"4688\" class=\"elementor elementor-4688 elementor-4396\" data-elementor-post-type=\"page\">\n\t\t\t\t\t\t<section class=\"elementor-section elementor-top-section elementor-element elementor-element-c00b35d elementor-section-boxed elementor-section-height-default elementor-section-height-default\" data-id=\"c00b35d\" data-element_type=\"section\" data-e-type=\"section\">\n\t\t\t\t\t\t<div class=\"elementor-container elementor-column-gap-default\">\n\t\t\t\t\t<div class=\"elementor-column elementor-col-100 elementor-top-column elementor-element elementor-element-d340800\" data-id=\"d340800\" data-element_type=\"column\" data-e-type=\"column\" data-settings=\"{&quot;background_background&quot;:&quot;classic&quot;}\">\n\t\t\t<div class=\"elementor-widget-wrap elementor-element-populated\">\n\t\t\t\t\t\t<section class=\"elementor-section elementor-inner-section elementor-element elementor-element-74020a2 elementor-section-boxed elementor-section-height-default elementor-section-height-default\" data-id=\"74020a2\" data-element_type=\"section\" data-e-type=\"section\" data-settings=\"{&quot;background_background&quot;:&quot;classic&quot;}\">\n\t\t\t\t\t\t<div class=\"elementor-container elementor-column-gap-default\">\n\t\t\t\t\t<div class=\"elementor-column elementor-col-50 elementor-inner-column elementor-element elementor-element-3668817\" data-id=\"3668817\" data-element_type=\"column\" data-e-type=\"column\" data-settings=\"{&quot;background_background&quot;:&quot;classic&quot;}\">\n\t\t\t<div class=\"elementor-widget-wrap elementor-element-populated\">\n\t\t\t\t\t\t<div class=\"elementor-element elementor-element-1134509 foto_ibars elementor-widget elementor-widget-image\" data-id=\"1134509\" data-element_type=\"widget\" data-e-type=\"widget\" data-widget_type=\"image.default\">\n\t\t\t\t<div class=\"elementor-widget-container\">\n\t\t\t\t\t\t\t\t\t\t\t\t\t\t\t<img fetchpriority=\"high\" decoding=\"async\" width=\"421\" height=\"421\" src=\"https:\/\/ibarsadvocats.cat\/wp-content\/uploads\/photo_2023-04-17_10-46-14.jpg\" class=\"attachment-large size-large wp-image-4205\" alt=\"\" srcset=\"https:\/\/ibarsadvocats.cat\/wp-content\/uploads\/photo_2023-04-17_10-46-14.jpg 421w, https:\/\/ibarsadvocats.cat\/wp-content\/uploads\/photo_2023-04-17_10-46-14-150x150.jpg 150w, https:\/\/ibarsadvocats.cat\/wp-content\/uploads\/photo_2023-04-17_10-46-14-300x300.jpg 300w, https:\/\/ibarsadvocats.cat\/wp-content\/uploads\/photo_2023-04-17_10-46-14-100x100.jpg 100w\" sizes=\"(max-width: 421px) 100vw, 421px\" \/>\t\t\t\t\t\t\t\t\t\t\t\t\t\t\t<\/div>\n\t\t\t\t<\/div>\n\t\t\t\t<div class=\"elementor-element elementor-element-2029fd5 elementor-align-center elementor-widget elementor-widget-button\" data-id=\"2029fd5\" data-element_type=\"widget\" data-e-type=\"widget\" data-widget_type=\"button.default\">\n\t\t\t\t<div class=\"elementor-widget-container\">\n\t\t\t\t\t\t\t\t\t<div class=\"elementor-button-wrapper\">\n\t\t\t\t\t<a class=\"elementor-button elementor-button-link elementor-size-md\" href=\"https:\/\/www.linkedin.com\/in\/daniel-ibars-velasco-18100ab9\/\">\n\t\t\t\t\t\t<span class=\"elementor-button-content-wrapper\">\n\t\t\t\t\t\t\t\t\t<span class=\"elementor-button-text\">Linkedin<\/span>\n\t\t\t\t\t<\/span>\n\t\t\t\t\t<\/a>\n\t\t\t\t<\/div>\n\t\t\t\t\t\t\t\t<\/div>\n\t\t\t\t<\/div>\n\t\t\t\t\t<\/div>\n\t\t<\/div>\n\t\t\t\t<div class=\"elementor-column elementor-col-50 elementor-inner-column elementor-element elementor-element-09db02d\" data-id=\"09db02d\" data-element_type=\"column\" data-e-type=\"column\">\n\t\t\t<div class=\"elementor-widget-wrap elementor-element-populated\">\n\t\t\t\t\t\t<div class=\"elementor-element elementor-element-aff48ff elementor-widget elementor-widget-heading\" data-id=\"aff48ff\" data-element_type=\"widget\" data-e-type=\"widget\" data-widget_type=\"heading.default\">\n\t\t\t\t<div class=\"elementor-widget-container\">\n\t\t\t\t\t<h2 class=\"elementor-heading-title elementor-size-default\">Daniel Ibars Velasco<\/h2>\t\t\t\t<\/div>\n\t\t\t\t<\/div>\n\t\t\t\t<div class=\"elementor-element elementor-element-5ac5955 elementor-widget elementor-widget-text-editor\" data-id=\"5ac5955\" data-element_type=\"widget\" data-e-type=\"widget\" data-widget_type=\"text-editor.default\">\n\t\t\t\t<div class=\"elementor-widget-container\">\n\t\t\t\t\t\t\t\t\t<p style=\"text-align: center;\">Advocat. Doctor en dret. Professor Dret Penal UdL<br>Reus i rodalies<\/p><p style=\"text-align: center;\"><br><\/p><p style=\"text-align: center;\">Aptituds principals:<\/p><p style=\"text-align: center;\">&nbsp;Dret Penal\nDret Esportiu\nPolicial\nPublications\nCorrupci\u00f3 a l&#8217;esport a\nComentari a la Reforma de 2015\nBreu an\u00e0lisi de la regulaci\u00f3\njuridicopenal del dopatge al\nesport en alguns models\nrellevants en dret comparat\nEl delicte de dopatge a l&#8217;esport<\/p><p style=\"text-align: center;\"><br><\/p>\n<p style=\"text-align: center;\">\n<\/p><p style=\"text-align: center;\">Educaci\u00f3:<\/p><p style=\"text-align: center;\">&nbsp;Universitat de Lleida Doctor en Dret, Dret Penal \u00b7 (2013 &#8211; 2013) Universitat de Lleida, Llicenciat en Dret, Dret \u00b7 (1994 &#8211; 1998)&nbsp;<\/p>\t\t\t\t\t\t\t\t<\/div>\n\t\t\t\t<\/div>\n\t\t\t\t\t<\/div>\n\t\t<\/div>\n\t\t\t\t\t<\/div>\n\t\t<\/section>\n\t\t\t\t\t<\/div>\n\t\t<\/div>\n\t\t\t\t\t<\/div>\n\t\t<\/section>\n\t\t\t\t<section class=\"elementor-section elementor-top-section elementor-element elementor-element-1418711 elementor-section-boxed elementor-section-height-default elementor-section-height-default\" data-id=\"1418711\" data-element_type=\"section\" data-e-type=\"section\">\n\t\t\t\t\t\t<div class=\"elementor-container elementor-column-gap-default\">\n\t\t\t\t\t<div class=\"elementor-column elementor-col-100 elementor-top-column elementor-element elementor-element-1a3abeb\" data-id=\"1a3abeb\" data-element_type=\"column\" data-e-type=\"column\">\n\t\t\t<div class=\"elementor-widget-wrap elementor-element-populated\">\n\t\t\t\t\t\t<div class=\"elementor-element elementor-element-ae888b4 elementor-widget elementor-widget-heading\" data-id=\"ae888b4\" data-element_type=\"widget\" data-e-type=\"widget\" data-widget_type=\"heading.default\">\n\t\t\t\t<div class=\"elementor-widget-container\">\n\t\t\t\t\t<h2 class=\"elementor-heading-title elementor-size-default\">Descarregar curr\u00edculum complert<\/h2>\t\t\t\t<\/div>\n\t\t\t\t<\/div>\n\t\t\t\t<div class=\"elementor-element elementor-element-2301f92 elementor-view-default elementor-widget elementor-widget-icon\" data-id=\"2301f92\" data-element_type=\"widget\" data-e-type=\"widget\" data-widget_type=\"icon.default\">\n\t\t\t\t<div class=\"elementor-widget-container\">\n\t\t\t\t\t\t\t<div class=\"elementor-icon-wrapper\">\n\t\t\t<a class=\"elementor-icon\" href=\"\/wp-content\/uploads\/0_curr.-pagina-web.doc\">\n\t\t\t<i aria-hidden=\"true\" class=\"far fa-arrow-alt-circle-down\"><\/i>\t\t\t<\/a>\n\t\t<\/div>\n\t\t\t\t\t\t<\/div>\n\t\t\t\t<\/div>\n\t\t\t\t\t<\/div>\n\t\t<\/div>\n\t\t\t\t\t<\/div>\n\t\t<\/section>\n\t\t\t\t<section class=\"elementor-section elementor-top-section elementor-element elementor-element-02f07cd elementor-section-boxed elementor-section-height-default elementor-section-height-default\" data-id=\"02f07cd\" data-element_type=\"section\" data-e-type=\"section\">\n\t\t\t\t\t\t<div class=\"elementor-container elementor-column-gap-default\">\n\t\t\t\t\t<div class=\"elementor-column elementor-col-100 elementor-top-column elementor-element elementor-element-5c83db2\" data-id=\"5c83db2\" data-element_type=\"column\" data-e-type=\"column\" data-settings=\"{&quot;background_background&quot;:&quot;classic&quot;}\">\n\t\t\t<div class=\"elementor-widget-wrap elementor-element-populated\">\n\t\t\t\t\t<div class=\"elementor-background-overlay\"><\/div>\n\t\t\t\t\t\t<section class=\"elementor-section elementor-inner-section elementor-element elementor-element-b3f7747 elementor-section-boxed elementor-section-height-default elementor-section-height-default\" data-id=\"b3f7747\" data-element_type=\"section\" data-e-type=\"section\" data-settings=\"{&quot;background_background&quot;:&quot;classic&quot;}\">\n\t\t\t\t\t\t<div class=\"elementor-container elementor-column-gap-default\">\n\t\t\t\t\t<div class=\"elementor-column elementor-col-50 elementor-inner-column elementor-element elementor-element-c7a4eb7\" data-id=\"c7a4eb7\" data-element_type=\"column\" data-e-type=\"column\">\n\t\t\t<div class=\"elementor-widget-wrap elementor-element-populated\">\n\t\t\t\t\t\t<div class=\"elementor-element elementor-element-1fab68f elementor-widget elementor-widget-image\" data-id=\"1fab68f\" data-element_type=\"widget\" data-e-type=\"widget\" data-widget_type=\"image.default\">\n\t\t\t\t<div class=\"elementor-widget-container\">\n\t\t\t\t\t\t\t\t\t\t\t\t\t\t\t<img decoding=\"async\" src=\"https:\/\/ibarsadvocats.cat\/wp-content\/uploads\/elementor\/thumbs\/photo_2023-04-17_11-51-47-q6xt5tmkkwsgfmguxycv4x3k78acgxguers476lhiw.jpg\" title=\"photo_2023-04-17_11-51-47\" alt=\"photo_2023-04-17_11-51-47\" loading=\"lazy\" \/>\t\t\t\t\t\t\t\t\t\t\t\t\t\t\t<\/div>\n\t\t\t\t<\/div>\n\t\t\t\t\t<\/div>\n\t\t<\/div>\n\t\t\t\t<div class=\"elementor-column elementor-col-50 elementor-inner-column elementor-element elementor-element-6a6c143\" data-id=\"6a6c143\" data-element_type=\"column\" data-e-type=\"column\">\n\t\t\t<div class=\"elementor-widget-wrap elementor-element-populated\">\n\t\t\t\t\t\t<div class=\"elementor-element elementor-element-ef9767e elementor-widget elementor-widget-heading\" data-id=\"ef9767e\" data-element_type=\"widget\" data-e-type=\"widget\" data-widget_type=\"heading.default\">\n\t\t\t\t<div class=\"elementor-widget-container\">\n\t\t\t\t\t<h1 class=\"elementor-heading-title elementor-size-default\">Experi\u00e8ncia<\/h1>\t\t\t\t<\/div>\n\t\t\t\t<\/div>\n\t\t\t\t<div class=\"elementor-element elementor-element-2ce85d6 elementor-widget elementor-widget-text-editor\" data-id=\"2ce85d6\" data-element_type=\"widget\" data-e-type=\"widget\" data-widget_type=\"text-editor.default\">\n\t\t\t\t<div class=\"elementor-widget-container\">\n\t\t\t\t\t\t\t\t\t<p><span style=\"font-family: monospace, monospace; font-size: 1em; white-space: pre-wrap; color: var( --e-global-color-eeeca99 );\"> <\/span><span style=\"color: var( --e-global-color-eeeca99 );\">Universitat de Lleida 24 anys 7 mesos Professor Sistema Penal en el marc de la Gesti\u00f3 administrativa 2015 &#8211; Present (8 anys) M\u00e0ster en Gesti\u00f3 Administrativa<\/span><\/p>\n<p style=\"text-align: center;\">Professor Litigaci\u00f3 penal a Master a Advocacia<br \/>2014 &#8211; Present (9 anys)<br \/>Professor M\u00e0ster en Dret Esportiu INEFC-UdL.<br \/>octubre de 2006 &#8211; Present (16 anys 7 mesos)<br \/>Professor M\u00e0ster a Dret Esportiu INEFC-UdL.<br \/>Assignatura: Dopatge i Dret Penal.<br \/>Professor Associat Dret Penal (Grau i M\u00e0ster)<br \/>octubre de 1998 &#8211; Present (24 anys 7 mesos)Lleida<br \/>Professor Associat de Dret Penal a Grau i M\u00e0ster. Universitat de Lleida.<\/p>\n<p style=\"text-align: center;\">Despatx Advocats Ibars Advocats<br \/>Titular despatx<br \/>desembre de 2012 &#8211; Present (10 anys 5 mesos)<br \/>Titular del Despatx Advocats Ibars Advocats<br \/>Despatx Advocats Ibars i Merino<br \/>Titular Despatx Advocats<br \/>desembre de 2006 &#8211; desembre de 2012 (6 anys 1 mes)<br \/>Lleida<\/p>\n<p style=\"text-align: center;\">Titular Despatx Advocats.<\/p>\n<p style=\"text-align: center;\">ROS ROCA, S.A.<\/p>\n<p style=\"text-align: center;\">Assessor Jur\u00eddic gener de 2004 &#8211; desembre de 2007 (4 anys) Tarrega, Lleida Assessor Jur\u00eddic Grup ROS ROCA, S.A. Dret Mercantil Despatx Advocats Sapena-Soler-Borras Advocat octubre de 1999 &#8211; desembre de 2006 (7 anys 3 mesos) Lleida Advocat Despatx Advocats Sapena-Soler-Borras Escola de Policia de Catalunya Professor agost de 2002 &#8211; setembre de 2006 (4 anys 2 ) Barcelona Professor de l&#8217;assignatura \u201caplicaci\u00f3 policial del dret penal i processal\u201d.<\/p>\n<p style=\"text-align: center;\">\n\t\t\t\t\t\t\t\t<\/div>\n\t\t\t\t<\/div>\n\t\t\t\t\t<\/div>\n\t\t<\/div>\n\t\t\t\t\t<\/div>\n\t\t<\/section>\n\t\t\t\t\t<\/div>\n\t\t<\/div>\n\t\t\t\t\t<\/div>\n\t\t<\/section>\n\t\t\t\t<\/div>\n\t\t","protected":false},"excerpt":{"rendered":"<p>Linkedin Daniel Ibars Velasco Advocat. Doctor en dret. Professor Dret Penal UdLReus i rodalies Aptituds principals: &nbsp;Dret Penal Dret Esportiu Policial Publications Corrupci\u00f3 a l&#8217;esport a Comentari a la Reforma de 2015 Breu an\u00e0lisi de la regulaci\u00f3 juridicopenal del dopatge al esport en alguns models rellevants en dret comparat El delicte de dopatge a l&#8217;esport [&hellip;]<\/p>\n","protected":false},"author":3,"featured_media":0,"parent":0,"menu_order":0,"comment_status":"closed","ping_status":"closed","template":"","meta":{"footnotes":""},"class_list":["post-4688","page","type-page","status-publish","hentry"],"yoast_head":"<!-- This site is optimized with the Yoast SEO plugin v27.0 - https:\/\/yoast.com\/product\/yoast-seo-wordpress\/ -->\n<title>Sobre mi - Daniel Ibars<\/title>\n<meta name=\"description\" content=\"Linkedin Daniel Ibars Velasco Advocat. Doctor en dret. Professor Dret Penal UdLReus i rodaliesAptituds principals:&nbsp;Dret Penal Dret Esportiu Policial\" \/>\n<meta name=\"robots\" content=\"index, follow, max-snippet:-1, max-image-preview:large, max-video-preview:-1\" \/>\n<link rel=\"canonical\" href=\"https:\/\/ibarsadvocats.cat\/ca\/sobre-mi\/\" \/>\n<meta property=\"og:locale\" content=\"ca_ES\" \/>\n<meta property=\"og:type\" content=\"article\" \/>\n<meta property=\"og:title\" content=\"Sobre mi - Daniel Ibars\" \/>\n<meta property=\"og:description\" content=\"Linkedin Daniel Ibars Velasco Advocat. Doctor en dret. Professor Dret Penal UdLReus i rodaliesAptituds principals:&nbsp;Dret Penal Dret Esportiu Policial\" \/>\n<meta property=\"og:url\" content=\"https:\/\/ibarsadvocats.cat\/ca\/sobre-mi\/\" \/>\n<meta property=\"og:site_name\" content=\"Daniel Ibars\" \/>\n<meta property=\"article:modified_time\" content=\"2023-06-05T15:02:27+00:00\" \/>\n<meta property=\"og:image\" content=\"https:\/\/ibarsadvocats.cat\/wp-content\/uploads\/photo_2023-04-17_10-46-14.jpg\" \/>\n<meta name=\"twitter:card\" content=\"summary_large_image\" \/>\n<meta name=\"twitter:label1\" content=\"Temps estimat de lectura\" \/>\n\t<meta name=\"twitter:data1\" content=\"2 minuts\" \/>\n<script type=\"application\/ld+json\" class=\"yoast-schema-graph\">{\"@context\":\"https:\/\/schema.org\",\"@graph\":[{\"@type\":\"WebPage\",\"@id\":\"https:\/\/ibarsadvocats.cat\/ca\/sobre-mi\/\",\"url\":\"https:\/\/ibarsadvocats.cat\/ca\/sobre-mi\/\",\"name\":\"Sobre mi - Daniel Ibars\",\"isPartOf\":{\"@id\":\"https:\/\/ibarsadvocats.cat\/ca\/#website\"},\"primaryImageOfPage\":{\"@id\":\"https:\/\/ibarsadvocats.cat\/ca\/sobre-mi\/#primaryimage\"},\"image\":{\"@id\":\"https:\/\/ibarsadvocats.cat\/ca\/sobre-mi\/#primaryimage\"},\"thumbnailUrl\":\"https:\/\/ibarsadvocats.cat\/wp-content\/uploads\/photo_2023-04-17_10-46-14.jpg\",\"datePublished\":\"2023-04-19T08:00:21+00:00\",\"dateModified\":\"2023-06-05T15:02:27+00:00\",\"description\":\"Linkedin Daniel Ibars Velasco Advocat. Doctor en dret. Professor Dret Penal UdLReus i rodaliesAptituds principals:&nbsp;Dret Penal Dret Esportiu Policial\",\"inLanguage\":\"ca\",\"potentialAction\":[{\"@type\":\"ReadAction\",\"target\":[\"https:\/\/ibarsadvocats.cat\/ca\/sobre-mi\/\"]}]},{\"@type\":\"ImageObject\",\"inLanguage\":\"ca\",\"@id\":\"https:\/\/ibarsadvocats.cat\/ca\/sobre-mi\/#primaryimage\",\"url\":\"https:\/\/ibarsadvocats.cat\/wp-content\/uploads\/photo_2023-04-17_10-46-14.jpg\",\"contentUrl\":\"https:\/\/ibarsadvocats.cat\/wp-content\/uploads\/photo_2023-04-17_10-46-14.jpg\"},{\"@type\":\"WebSite\",\"@id\":\"https:\/\/ibarsadvocats.cat\/ca\/#website\",\"url\":\"https:\/\/ibarsadvocats.cat\/ca\/\",\"name\":\"Daniel Ibars\",\"description\":\"Daniel Ibars\",\"publisher\":{\"@id\":\"https:\/\/ibarsadvocats.cat\/ca\/#organization\"},\"potentialAction\":[{\"@type\":\"SearchAction\",\"target\":{\"@type\":\"EntryPoint\",\"urlTemplate\":\"https:\/\/ibarsadvocats.cat\/ca\/?s={search_term_string}\"},\"query-input\":{\"@type\":\"PropertyValueSpecification\",\"valueRequired\":true,\"valueName\":\"search_term_string\"}}],\"inLanguage\":\"ca\"},{\"@type\":\"Organization\",\"@id\":\"https:\/\/ibarsadvocats.cat\/ca\/#organization\",\"name\":\"Daniel Ibars\",\"url\":\"https:\/\/ibarsadvocats.cat\/ca\/\",\"logo\":{\"@type\":\"ImageObject\",\"inLanguage\":\"ca\",\"@id\":\"https:\/\/ibarsadvocats.cat\/ca\/#\/schema\/logo\/image\/\",\"url\":\"https:\/\/ibarsadvocats.cat\/wp-content\/uploads\/IMG_01653-scaled.jpg\",\"contentUrl\":\"https:\/\/ibarsadvocats.cat\/wp-content\/uploads\/IMG_01653-scaled.jpg\",\"width\":2560,\"height\":1920,\"caption\":\"Daniel Ibars\"},\"image\":{\"@id\":\"https:\/\/ibarsadvocats.cat\/ca\/#\/schema\/logo\/image\/\"}}]}<\/script>\n<!-- \/ Yoast SEO plugin. -->","yoast_head_json":{"title":"Sobre mi - Daniel Ibars","description":"Linkedin Daniel Ibars Velasco Advocat. Doctor en dret. Professor Dret Penal UdLReus i rodaliesAptituds principals:&nbsp;Dret Penal Dret Esportiu Policial","robots":{"index":"index","follow":"follow","max-snippet":"max-snippet:-1","max-image-preview":"max-image-preview:large","max-video-preview":"max-video-preview:-1"},"canonical":"https:\/\/ibarsadvocats.cat\/ca\/sobre-mi\/","og_locale":"ca_ES","og_type":"article","og_title":"Sobre mi - Daniel Ibars","og_description":"Linkedin Daniel Ibars Velasco Advocat. Doctor en dret. Professor Dret Penal UdLReus i rodaliesAptituds principals:&nbsp;Dret Penal Dret Esportiu Policial","og_url":"https:\/\/ibarsadvocats.cat\/ca\/sobre-mi\/","og_site_name":"Daniel Ibars","article_modified_time":"2023-06-05T15:02:27+00:00","og_image":[{"url":"https:\/\/ibarsadvocats.cat\/wp-content\/uploads\/photo_2023-04-17_10-46-14.jpg","type":"","width":"","height":""}],"twitter_card":"summary_large_image","twitter_misc":{"Temps estimat de lectura":"2 minuts"},"schema":{"@context":"https:\/\/schema.org","@graph":[{"@type":"WebPage","@id":"https:\/\/ibarsadvocats.cat\/ca\/sobre-mi\/","url":"https:\/\/ibarsadvocats.cat\/ca\/sobre-mi\/","name":"Sobre mi - Daniel Ibars","isPartOf":{"@id":"https:\/\/ibarsadvocats.cat\/ca\/#website"},"primaryImageOfPage":{"@id":"https:\/\/ibarsadvocats.cat\/ca\/sobre-mi\/#primaryimage"},"image":{"@id":"https:\/\/ibarsadvocats.cat\/ca\/sobre-mi\/#primaryimage"},"thumbnailUrl":"https:\/\/ibarsadvocats.cat\/wp-content\/uploads\/photo_2023-04-17_10-46-14.jpg","datePublished":"2023-04-19T08:00:21+00:00","dateModified":"2023-06-05T15:02:27+00:00","description":"Linkedin Daniel Ibars Velasco Advocat. Doctor en dret. Professor Dret Penal UdLReus i rodaliesAptituds principals:&nbsp;Dret Penal Dret Esportiu Policial","inLanguage":"ca","potentialAction":[{"@type":"ReadAction","target":["https:\/\/ibarsadvocats.cat\/ca\/sobre-mi\/"]}]},{"@type":"ImageObject","inLanguage":"ca","@id":"https:\/\/ibarsadvocats.cat\/ca\/sobre-mi\/#primaryimage","url":"https:\/\/ibarsadvocats.cat\/wp-content\/uploads\/photo_2023-04-17_10-46-14.jpg","contentUrl":"https:\/\/ibarsadvocats.cat\/wp-content\/uploads\/photo_2023-04-17_10-46-14.jpg"},{"@type":"WebSite","@id":"https:\/\/ibarsadvocats.cat\/ca\/#website","url":"https:\/\/ibarsadvocats.cat\/ca\/","name":"Daniel Ibars","description":"Daniel Ibars","publisher":{"@id":"https:\/\/ibarsadvocats.cat\/ca\/#organization"},"potentialAction":[{"@type":"SearchAction","target":{"@type":"EntryPoint","urlTemplate":"https:\/\/ibarsadvocats.cat\/ca\/?s={search_term_string}"},"query-input":{"@type":"PropertyValueSpecification","valueRequired":true,"valueName":"search_term_string"}}],"inLanguage":"ca"},{"@type":"Organization","@id":"https:\/\/ibarsadvocats.cat\/ca\/#organization","name":"Daniel Ibars","url":"https:\/\/ibarsadvocats.cat\/ca\/","logo":{"@type":"ImageObject","inLanguage":"ca","@id":"https:\/\/ibarsadvocats.cat\/ca\/#\/schema\/logo\/image\/","url":"https:\/\/ibarsadvocats.cat\/wp-content\/uploads\/IMG_01653-scaled.jpg","contentUrl":"https:\/\/ibarsadvocats.cat\/wp-content\/uploads\/IMG_01653-scaled.jpg","width":2560,"height":1920,"caption":"Daniel Ibars"},"image":{"@id":"https:\/\/ibarsadvocats.cat\/ca\/#\/schema\/logo\/image\/"}}]}},"_links":{"self":[{"href":"https:\/\/ibarsadvocats.cat\/ca\/wp-json\/wp\/v2\/pages\/4688","targetHints":{"allow":["GET"]}}],"collection":[{"href":"https:\/\/ibarsadvocats.cat\/ca\/wp-json\/wp\/v2\/pages"}],"about":[{"href":"https:\/\/ibarsadvocats.cat\/ca\/wp-json\/wp\/v2\/types\/page"}],"author":[{"embeddable":true,"href":"https:\/\/ibarsadvocats.cat\/ca\/wp-json\/wp\/v2\/users\/3"}],"replies":[{"embeddable":true,"href":"https:\/\/ibarsadvocats.cat\/ca\/wp-json\/wp\/v2\/comments?post=4688"}],"version-history":[{"count":6,"href":"https:\/\/ibarsadvocats.cat\/ca\/wp-json\/wp\/v2\/pages\/4688\/revisions"}],"predecessor-version":[{"id":4790,"href":"https:\/\/ibarsadvocats.cat\/ca\/wp-json\/wp\/v2\/pages\/4688\/revisions\/4790"}],"wp:attachment":[{"href":"https:\/\/ibarsadvocats.cat\/ca\/wp-json\/wp\/v2\/media?parent=4688"}],"curies":[{"name":"wp","href":"https:\/\/api.w.org\/{rel}","templated":true}]}}